{"id":32,"date":"2020-01-30T22:42:21","date_gmt":"2020-01-30T22:42:21","guid":{"rendered":"http:\/\/antidrones-project.org\/?page_id=32"},"modified":"2025-04-16T20:49:44","modified_gmt":"2025-04-16T20:49:44","slug":"papers","status":"publish","type":"page","link":"https:\/\/ai4cuav.org\/index.php\/papers\/","title":{"rendered":"Papers"},"content":{"rendered":"<div id=\"tdi_1\" class=\"tdc-zone\"><div class=\"tdc_zone tdi_2  wpb_row td-pb-row\"  >\n<style scoped>\n\/* custom css - generated by TagDiv Composer *\/\n\n\/* custom css - generated by TagDiv Composer *\/\n.tdi_2{\r\n                    min-height: 0;\r\n                }\n<\/style><div id=\"tdi_3\" class=\"tdc-row\"><div class=\"vc_row tdi_4  wpb_row td-pb-row\" >\n<style scoped>\n\/* custom css - generated by TagDiv Composer *\/\n\n\/* custom css - generated by TagDiv Composer *\/\n.tdi_4,\r\n                .tdi_4 .tdc-columns{\r\n                    min-height: 0;\r\n                }.tdi_4,\r\n\t\t\t\t.tdi_4 .tdc-columns{\r\n\t\t\t\t    display: block;\r\n\t\t\t\t}.tdi_4 .tdc-columns{\r\n\t\t\t\t    width: 100%;\r\n\t\t\t\t}.tdi_4:before,\r\n\t\t\t\t.tdi_4:after{\r\n\t\t\t\t    display: table;\r\n\t\t\t\t}\n<\/style><div class=\"vc_column tdi_6  wpb_column vc_column_container tdc-column td-pb-span12\">\n<style scoped>\n\/* custom css - generated by TagDiv Composer *\/\n\n\/* custom css - generated by TagDiv Composer *\/\n.tdi_6{\r\n                    vertical-align: baseline;\r\n                }.tdi_6 > .wpb_wrapper,\r\n\t\t\t\t.tdi_6 > .wpb_wrapper > .tdc-elements{\r\n\t\t\t\t    display: block;\r\n\t\t\t\t}.tdi_6 > .wpb_wrapper > .tdc-elements{\r\n\t\t\t\t    width: 100%;\r\n\t\t\t\t}.tdi_6 > .wpb_wrapper > .vc_row_inner{\r\n\t\t\t\t    width: auto;\r\n\t\t\t\t}.tdi_6 > .wpb_wrapper{\r\n\t\t\t\t    width: auto;\r\n\t\t\t\t    height: auto;\r\n\t\t\t\t}\n<\/style><div class=\"wpb_wrapper\" ><div class=\"td_block_wrap td_block_text_with_title tdi_7 tagdiv-type td-pb-border-top td_block_template_1\"  data-td-block-uid=\"tdi_7\" >\n<style>\n\/* custom css - generated by TagDiv Composer *\/\n.td_block_text_with_title{\r\n                  margin-bottom: 44px;\r\n                  -webkit-transform: translateZ(0);\r\n                  transform: translateZ(0);\r\n                }.td_block_text_with_title p:last-child{\r\n                  margin-bottom: 0;\r\n                }\n<\/style><div class=\"td-block-title-wrap\"><h4 class=\"block-title td-block-title\"><span class=\"td-pulldown-size\">Full Papers<\/span><\/h4><\/div><div class=\"td_mod_wrap td-fix-index\"><p>The first project publications were published in the ICT Conference workshop \u201cInnovations in Anti-Drone Technologies: Advances in Detection, Recognition, and Tracking\u201d. Accepted full papers are included in the ICT Innovations 2024 Proceedings published by <a href=\"https:\/\/www.springer.com\/series\/7899\">Springer in Communications in Computer and Information Science Series (CCIS)<\/a>. The conference proceeding is indexed in Web of Science: Conference Proceedings Citation Index (CPCI), SCOPUS, SCImago, DBLP, Google Scholar, EI-Compendex and Mathematical Reviews. The following papers were accepted as full papers:<\/p>\n<ol>\n<li>Alberto Lupidi, Francesco Mancuso, Giulio Meucci, Edmond Jajaga, Alessandro Cantelli-Forti, <strong>Evaluating Killer Drone Defense: NATO SPS Project \u201cAnti-Drones\u201d Field Trials<\/strong><\/li>\n<li>Giacomo Longo, Alessandro Cantelli-Forti and Enrico Russo, <strong>Detecting the Unseen: Exploiting Radar-Sonar Sensor Fusion For Visual Detection of Low-Profile Naval Drones<\/strong><\/li>\n<\/ol>\n<\/div><\/div><div class=\"td_block_wrap td_block_text_with_title tdi_8 tagdiv-type td-pb-border-top td_block_template_1\"  data-td-block-uid=\"tdi_8\" ><div class=\"td-block-title-wrap\"><h4 class=\"block-title td-block-title\"><span class=\"td-pulldown-size\">Short Papers<\/span><\/h4><\/div><div class=\"td_mod_wrap td-fix-index\"><p>Accepted short papers are published in the ICT Innovations conference <a href=\"https:\/\/ictinnovations.org\/wp-content\/uploads\/2025\/01\/final_web_proceedings.pdf\"><strong>web proceedings<\/strong><\/a>.<\/p>\n<ol>\n<li>Vladislav Semenyuk, Ildar Kurmashev, Dmitriy Alyoshin, Liliya Kurmasheva and Alessandro Cantelli-Forti, <strong>Development of a classification model for UAVs and birds based on the YOLOv9 neural network to improve Anti-drone systems<\/strong>.<\/li>\n<li>Bhaskar Ahuja, Walter Matta, Ajeet Kumar and Alessandro Cantelli Forti, <strong>A Novel Data Fusion Algorithm to Improve the Detection and Tracking of \u201cKiller\u201d Drones in Urban Environment<\/strong><\/li>\n<li>Ali Alimisreb, Tarik Namas, \u00d6zge B\u00fcy\u00fckda\u011fl\u0131, Alessandro Cantelli-Forti, Edmond Jajaga and Nurlaila Ismail,Utilizing <strong>Vision Large Language Models for Automatic Image Annotations: A Comparative Study<\/strong><\/li>\n<\/ol>\n<\/div><\/div><\/div><\/div><\/div><\/div><\/div><\/div>","protected":false},"excerpt":{"rendered":"","protected":false},"author":1,"featured_media":0,"parent":0,"menu_order":0,"comment_status":"closed","ping_status":"closed","template":"","meta":{"footnotes":""},"_links":{"self":[{"href":"https:\/\/ai4cuav.org\/index.php\/wp-json\/wp\/v2\/pages\/32"}],"collection":[{"href":"https:\/\/ai4cuav.org\/index.php\/wp-json\/wp\/v2\/pages"}],"about":[{"href":"https:\/\/ai4cuav.org\/index.php\/wp-json\/wp\/v2\/types\/page"}],"author":[{"embeddable":true,"href":"https:\/\/ai4cuav.org\/index.php\/wp-json\/wp\/v2\/users\/1"}],"replies":[{"embeddable":true,"href":"https:\/\/ai4cuav.org\/index.php\/wp-json\/wp\/v2\/comments?post=32"}],"version-history":[{"count":2,"href":"https:\/\/ai4cuav.org\/index.php\/wp-json\/wp\/v2\/pages\/32\/revisions"}],"predecessor-version":[{"id":614,"href":"https:\/\/ai4cuav.org\/index.php\/wp-json\/wp\/v2\/pages\/32\/revisions\/614"}],"wp:attachment":[{"href":"https:\/\/ai4cuav.org\/index.php\/wp-json\/wp\/v2\/media?parent=32"}],"curies":[{"name":"wp","href":"https:\/\/api.w.org\/{rel}","templated":true}]}}